{"id":26811,"date":"2022-09-27T15:32:08","date_gmt":"2022-09-27T19:32:08","guid":{"rendered":"https:\/\/www.namtek.ca\/blogue-informatique\/"},"modified":"2025-05-14T09:52:00","modified_gmt":"2025-05-14T13:52:00","slug":"blogue","status":"publish","type":"page","link":"https:\/\/paiehub.ca\/fr\/blogue\/","title":{"rendered":"Blogue"},"content":{"rendered":"<div id='av_section_1'  class='avia-section av-tqurwd-4e131bcfe5c838ed9cbe8d90a52e23a8 main_color avia-section-default avia-no-border-styling  avia-builder-el-0  el_before_av_blog  avia-builder-el-first  avia-bg-style-scroll container_wrap sidebar_right'  ><div class='container av-section-cont-open' ><main  role=\"main\" itemprop=\"mainContentOfPage\"  class='template-page content  av-content-small alpha units'><div class='post-entry post-entry-type-page post-entry-26811'><div class='entry-content-wrapper clearfix'>\n<section  class='av_textblock_section av-l8kdnk78-5f80628ce6e5371df5e1d927137a8173 '   itemscope=\"itemscope\" itemtype=\"https:\/\/schema.org\/CreativeWork\" ><div class='avia_textblock'  itemprop=\"text\" ><h1 style=\"text-align: center;\">Blogue<\/h1>\n<\/div><\/section>\n\n<style type=\"text\/css\" data-created_by=\"avia_inline_auto\" id=\"style-css-av-av_hr-bfab878b9c9f243bd848a261d7968185\">\n#top .hr.av-av_hr-bfab878b9c9f243bd848a261d7968185{\nmargin-top:5px;\nmargin-bottom:5px;\n}\n.hr.av-av_hr-bfab878b9c9f243bd848a261d7968185 .hr-inner{\nwidth:50px;\nborder-color:#0546b2;\n}\n<\/style>\n<div  class='hr av-av_hr-bfab878b9c9f243bd848a261d7968185 hr-custom  avia-builder-el-2  el_after_av_textblock  el_before_av_textblock  hr-center hr-icon-no'><span class='hr-inner inner-border-av-border-fat'><span class=\"hr-inner-style\"><\/span><\/span><\/div>\n<section  class='av_textblock_section av-l8kdoyx4-63e5b3bf1dea2a17882e37b4db51834f '   itemscope=\"itemscope\" itemtype=\"https:\/\/schema.org\/CreativeWork\" ><div class='avia_textblock'  itemprop=\"text\" ><p style=\"text-align: center;\"><strong data-start=\"113\" data-end=\"152\">Bienvenue sur le blogue de <a href=\"https:\/\/10.16.0.54\/fr\/\" target=\"_blank\" rel=\"noopener\">Paie Hub<\/a><\/strong><br data-start=\"152\" data-end=\"155\" \/>D\u00e9couvrez nos articles et conseils pratiques sur la gestion de la paie, l\u2019automatisation, la conformit\u00e9 au Canada et les meilleures pratiques pour les PME. Restez inform\u00e9 des nouveaut\u00e9s technologiques et des tendances qui simplifient la gestion salariale au quotidien.<\/p>\n<\/div><\/section>\n<\/div><\/div><\/main><!-- close content main element --><\/div><\/div><div id='after_section_1'  class='main_color av_default_container_wrap container_wrap sidebar_right'  ><div class='container av-section-cont-open' ><div class='template-page content  av-content-small alpha units'><div class='post-entry post-entry-type-page post-entry-26811'><div class='entry-content-wrapper clearfix'><div  class='av-alb-blogposts template-blog  '  itemscope=\"itemscope\" itemtype=\"https:\/\/schema.org\/Blog\" ><article class=\"post-entry post-entry-type-standard post-entry-31454 post-loop-1 post-parity-odd post-entry-last single-big with-slider post-31454 post type-post status-publish format-standard has-post-thumbnail hentry category-blogue-fr tag-automatisation-des-processus tag-depot-direct-automatise tag-gestion-des-avantages-sociaux tag-la-gestion-de-la-paie tag-la-paie-au-quebec tag-paie-hub\"  itemscope=\"itemscope\" itemtype=\"https:\/\/schema.org\/BlogPosting\" ><div class=\"blog-meta\"><\/div><div class='entry-content-wrapper clearfix standard-content'><header class=\"entry-content-header\" aria-label=\"Articles : Comment automatiser la paie des PME avec Paie Hub\"><div class=\"av-heading-wrapper\"><span class=\"blog-categories minor-meta\"><a href=\"https:\/\/paiehub.ca\/fr\/category\/blogue-fr\/\" rel=\"tag\">Blogue<\/a><\/span><h2 class='post-title entry-title '  itemprop=\"headline\" ><a href=\"https:\/\/paiehub.ca\/fr\/comment-automatiser-la-paie-des-pme-avec-paie-hub\/\" rel=\"bookmark\" title=\"Lien permanent : Comment automatiser la paie des PME avec Paie Hub\">Comment automatiser la paie des PME avec Paie Hub<span class=\"post-format-icon minor-meta\"><\/span><\/a><\/h2><\/div><\/header><span class=\"av-vertical-delimiter\"><\/span><div class=\"big-preview single-big\"  itemprop=\"image\" itemscope=\"itemscope\" itemtype=\"https:\/\/schema.org\/ImageObject\" ><a href=\"https:\/\/paiehub.ca\/fr\/comment-automatiser-la-paie-des-pme-avec-paie-hub\/\"  title=\"Paie-Hub-blog\" ><img decoding=\"async\" loading=\"lazy\" width=\"845\" height=\"321\" src=\"https:\/\/paiehub.ca\/wp-content\/uploads\/2025\/05\/Paie-Hub-blog-845x321.webp\" class=\"wp-image-31457 avia-img-lazy-loading-31457 attachment-entry_with_sidebar size-entry_with_sidebar wp-post-image\" alt=\"la gestion de paie des PME qu\u00e9b\u00e9coises avec Paie Hub\" \/><\/a><\/div><div class=\"entry-content\"  itemprop=\"text\" ><p>La gestion de la paie repr\u00e9sente un d\u00e9fi majeur pour les PME qu\u00e9b\u00e9coises et canadiennes en raison de la multiplicit\u00e9 des obligations l\u00e9gales &#8211; bulletin de paie d\u00e9taill\u00e9, d\u00e9clarations annuelles et cotisations diverses &#8211; et du risque d\u2019erreurs pouvant entra\u00eener sanctions et p\u00e9nalit\u00e9s. Une solution moderne comme Paie \u202fHub, int\u00e9grant automatisation, fiabilit\u00e9 et conformit\u00e9, permet [&hellip;]<\/p>\n<div class=\"read-more-link\"><a href=\"https:\/\/paiehub.ca\/fr\/comment-automatiser-la-paie-des-pme-avec-paie-hub\/\" class=\"more-link\">Lire la suite<span class='more-link-arrow avia-svg-icon avia-font-svg_entypo-fontello' data-av_svg_icon='right-open-big' data-av_iconset='svg_entypo-fontello'><svg version=\"1.1\" xmlns=\"http:\/\/www.w3.org\/2000\/svg\" width=\"15\" height=\"32\" viewBox=\"0 0 15 32\" preserveAspectRatio=\"xMidYMid meet\" role=\"graphics-symbol\" aria-hidden=\"true\">\n<path d=\"M0.416 27.84l11.456-11.84-11.456-11.904q-0.832-0.832 0-1.536 0.832-0.832 1.536 0l12.544 12.608q0.768 0.832 0 1.6l-12.544 12.608q-0.704 0.832-1.536 0-0.832-0.704 0-1.536z\"><\/path>\n<\/svg><\/span><\/a><\/div>\n<\/div><span class=\"post-meta-infos\"><time class=\"date-container minor-meta updated\"  itemprop=\"datePublished\" datetime=\"2025-05-08T10:55:54-04:00\" >mai 8, 2025<\/time><span class=\"text-sep\">\/<\/span><span class=\"comment-container minor-meta\"><a href=\"https:\/\/paiehub.ca\/fr\/comment-automatiser-la-paie-des-pme-avec-paie-hub\/#respond\" class=\"comments-link\" >0 Commentaires<\/a><\/span><span class=\"text-sep\">\/<\/span><span class=\"blog-author minor-meta\">par <span class=\"entry-author-link\"  itemprop=\"author\" ><span class=\"author\"><span class=\"fn\"><a href=\"https:\/\/paiehub.ca\/fr\/author\/tatyana\/\" title=\"Articles par Tatyana Vandich\" rel=\"author\">Tatyana Vandich<\/a><\/span><\/span><\/span><\/span><\/span><footer class=\"entry-footer\"><\/footer><div class='post_delimiter'><\/div><\/div><div class=\"post_author_timeline\"><\/div><span class='hidden'>\n\t\t\t\t<span class='av-structured-data'  itemprop=\"image\" itemscope=\"itemscope\" itemtype=\"https:\/\/schema.org\/ImageObject\" >\n\t\t\t\t\t\t<span itemprop='url'>https:\/\/paiehub.ca\/wp-content\/uploads\/2025\/05\/Paie-Hub-blog.webp<\/span>\n\t\t\t\t\t\t<span itemprop='height'>630<\/span>\n\t\t\t\t\t\t<span itemprop='width'>1200<\/span>\n\t\t\t\t<\/span>\n\t\t\t\t<span class='av-structured-data'  itemprop=\"publisher\" itemtype=\"https:\/\/schema.org\/Organization\" itemscope=\"itemscope\" >\n\t\t\t\t\t\t<span itemprop='name'>Tatyana Vandich<\/span>\n\t\t\t\t\t\t<span itemprop='logo' itemscope itemtype='https:\/\/schema.org\/ImageObject'>\n\t\t\t\t\t\t\t<span itemprop='url'>https:\/\/paiehub.ca\/wp-content\/uploads\/2025\/04\/Paie-Hub-2.webp<\/span>\n\t\t\t\t\t\t<\/span>\n\t\t\t\t<\/span><span class='av-structured-data'  itemprop=\"author\" itemscope=\"itemscope\" itemtype=\"https:\/\/schema.org\/Person\" ><span itemprop='name'>Tatyana Vandich<\/span><\/span><span class='av-structured-data'  itemprop=\"datePublished\" datetime=\"2025-05-08T10:55:54-04:00\" >2025-05-08 10:55:54<\/span><span class='av-structured-data'  itemprop=\"dateModified\" itemtype=\"https:\/\/schema.org\/dateModified\" >2025-05-26 15:10:58<\/span><span class='av-structured-data'  itemprop=\"mainEntityOfPage\" itemtype=\"https:\/\/schema.org\/mainEntityOfPage\" ><span itemprop='name'>Comment automatiser la paie des PME avec Paie Hub<\/span><\/span><\/span><\/article><div class='single-big'><\/div><\/div><\/p>\n","protected":false},"excerpt":{"rendered":"","protected":false},"author":35,"featured_media":0,"parent":0,"menu_order":15,"comment_status":"closed","ping_status":"closed","template":"","meta":{"om_disable_all_campaigns":false,"_lmt_disableupdate":"no","_lmt_disable":"","_monsterinsights_skip_tracking":false,"_monsterinsights_sitenote_active":false,"_monsterinsights_sitenote_note":"","_monsterinsights_sitenote_category":0,"footnotes":"","_links_to":"","_links_to_target":""},"categories":[2668],"tags":[3222,3203,3224,3223],"class_list":["post-26811","page","type-page","status-publish","hentry","category-blogue-fr","tag-blogue-paie","tag-la-gestion-de-la-paie","tag-paie-automatisee","tag-ressources-humaines"],"aioseo_notices":[],"aioseo_head":"\n\t\t<!-- All in One SEO Pro 4.9.5.2 - aioseo.com -->\n\t<meta name=\"description\" content=\"Paie Hub: Simplifiez la gestion de paie des PME qu\u00e9b\u00e9coises avec Paie Hub. Automatisation, fiabilit\u00e9 et conformit\u00e9 pour gagner du temps et r\u00e9duire les erreurs.\" \/>\n\t<meta name=\"robots\" content=\"max-image-preview:large\" \/>\n\t<link rel=\"canonical\" href=\"https:\/\/paiehub.ca\/fr\/comment-automatiser-la-paie-des-pme-avec-paie-hub\/\" \/>\n\t<meta name=\"generator\" content=\"All in One SEO Pro (AIOSEO) 4.9.5.2\" \/>\n\t\t<meta property=\"og:locale\" content=\"fr_FR\" \/>\n\t\t<meta property=\"og:site_name\" content=\"Paie Hub - Solution de paie pour PME canadiennes\" \/>\n\t\t<meta property=\"og:type\" content=\"article\" \/>\n\t\t<meta property=\"og:title\" content=\"Comment automatiser la paie des PME avec Paie Hub\" \/>\n\t\t<meta property=\"og:description\" content=\"Paie Hub: Simplifiez la gestion de paie des PME qu\u00e9b\u00e9coises avec Paie Hub. Automatisation, fiabilit\u00e9 et conformit\u00e9 pour gagner du temps et r\u00e9duire les erreurs.\" \/>\n\t\t<meta property=\"og:url\" content=\"https:\/\/paiehub.ca\/fr\/comment-automatiser-la-paie-des-pme-avec-paie-hub\/\" \/>\n\t\t<meta property=\"og:image\" content=\"https:\/\/paiehub.ca\/wp-content\/uploads\/2025\/05\/PaieHub.jpg\" \/>\n\t\t<meta property=\"og:image:secure_url\" content=\"https:\/\/paiehub.ca\/wp-content\/uploads\/2025\/05\/PaieHub.jpg\" \/>\n\t\t<meta property=\"og:image:width\" content=\"1200\" \/>\n\t\t<meta property=\"og:image:height\" content=\"628\" \/>\n\t\t<meta property=\"article:published_time\" content=\"2025-05-08T14:55:54+00:00\" \/>\n\t\t<meta property=\"article:modified_time\" content=\"2025-05-26T19:10:58+00:00\" \/>\n\t\t<meta name=\"twitter:card\" content=\"summary\" \/>\n\t\t<meta name=\"twitter:title\" content=\"Comment automatiser la paie des PME avec Paie Hub\" \/>\n\t\t<meta name=\"twitter:description\" content=\"Paie Hub: Simplifiez la gestion de paie des PME qu\u00e9b\u00e9coises avec Paie Hub. Automatisation, fiabilit\u00e9 et conformit\u00e9 pour gagner du temps et r\u00e9duire les erreurs.\" \/>\n\t\t<meta name=\"twitter:image\" content=\"https:\/\/paiehub.ca\/wp-content\/uploads\/2025\/05\/PaieHub.jpg\" \/>\n\t\t<script type=\"application\/ld+json\" class=\"aioseo-schema\">\n\t\t\t{\"@context\":\"https:\\\/\\\/schema.org\",\"@graph\":[{\"@type\":\"BlogPosting\",\"@id\":\"https:\\\/\\\/paiehub.ca\\\/fr\\\/comment-automatiser-la-paie-des-pme-avec-paie-hub\\\/#blogposting\",\"name\":\"Comment automatiser la paie des PME avec Paie Hub\",\"headline\":\"Comment automatiser la paie des PME avec Paie Hub\",\"author\":{\"@id\":\"https:\\\/\\\/paiehub.ca\\\/fr\\\/author\\\/tatyana\\\/#author\"},\"publisher\":{\"@id\":\"https:\\\/\\\/paiehub.ca\\\/fr\\\/#organization\"},\"image\":{\"@type\":\"ImageObject\",\"url\":\"https:\\\/\\\/paiehub.ca\\\/wp-content\\\/uploads\\\/2025\\\/05\\\/Paie-Hub-blog.webp\",\"width\":1200,\"height\":630,\"caption\":\"la gestion de paie des PME qu\\u00e9b\\u00e9coises avec Paie Hub\"},\"datePublished\":\"2025-05-08T10:55:54-04:00\",\"dateModified\":\"2025-05-26T15:10:58-04:00\",\"inLanguage\":\"fr-FR\",\"mainEntityOfPage\":{\"@id\":\"https:\\\/\\\/paiehub.ca\\\/fr\\\/comment-automatiser-la-paie-des-pme-avec-paie-hub\\\/#webpage\"},\"isPartOf\":{\"@id\":\"https:\\\/\\\/paiehub.ca\\\/fr\\\/comment-automatiser-la-paie-des-pme-avec-paie-hub\\\/#webpage\"},\"articleSection\":\"Blogue, Automatisation des processus, D\\u00e9p\\u00f4t direct automatis\\u00e9, Gestion des avantages sociaux, La gestion de la paie, La paie au Qu\\u00e9bec, Paie\\u202fHub, Facultatif\"},{\"@type\":\"BreadcrumbList\",\"@id\":\"https:\\\/\\\/paiehub.ca\\\/fr\\\/comment-automatiser-la-paie-des-pme-avec-paie-hub\\\/#breadcrumblist\",\"itemListElement\":[{\"@type\":\"ListItem\",\"@id\":\"https:\\\/\\\/paiehub.ca\\\/fr\\\/#listItem\",\"position\":1,\"name\":\"Home\",\"item\":\"https:\\\/\\\/paiehub.ca\\\/fr\\\/\",\"nextItem\":{\"@type\":\"ListItem\",\"@id\":\"https:\\\/\\\/paiehub.ca\\\/fr\\\/blogue\\\/#listItem\",\"name\":\"Blogue\"}},{\"@type\":\"ListItem\",\"@id\":\"https:\\\/\\\/paiehub.ca\\\/fr\\\/blogue\\\/#listItem\",\"position\":2,\"name\":\"Blogue\",\"previousItem\":{\"@type\":\"ListItem\",\"@id\":\"https:\\\/\\\/paiehub.ca\\\/fr\\\/#listItem\",\"name\":\"Home\"}}]},{\"@type\":\"Organization\",\"@id\":\"https:\\\/\\\/paiehub.ca\\\/fr\\\/#organization\",\"name\":\"Paie Hub\",\"description\":\"Efficient Payroll Solution for Canadian SMBs\",\"url\":\"https:\\\/\\\/paiehub.ca\\\/fr\\\/\",\"telephone\":\"+15145710913\",\"logo\":{\"@type\":\"ImageObject\",\"url\":\"https:\\\/\\\/paiehub.ca\\\/wp-content\\\/uploads\\\/2025\\\/05\\\/Paiehub-logo.webp\",\"@id\":\"https:\\\/\\\/paiehub.ca\\\/fr\\\/comment-automatiser-la-paie-des-pme-avec-paie-hub\\\/#organizationLogo\",\"width\":1640,\"height\":856,\"caption\":\"Paie Hub logo de l'entreprise\"},\"image\":{\"@id\":\"https:\\\/\\\/paiehub.ca\\\/fr\\\/comment-automatiser-la-paie-des-pme-avec-paie-hub\\\/#organizationLogo\"},\"address\":{\"@id\":\"https:\\\/\\\/paiehub.ca\\\/fr\\\/#postaladdress\",\"@type\":\"PostalAddress\",\"streetAddress\":\"272 Henri-Bourassa West Montreal,\",\"postalCode\":\"H3L 1N6\",\"addressLocality\":\"Montreal\",\"addressRegion\":\"Quebec\",\"addressCountry\":\"CA\"}},{\"@type\":\"Person\",\"@id\":\"https:\\\/\\\/paiehub.ca\\\/fr\\\/author\\\/tatyana\\\/#author\",\"url\":\"https:\\\/\\\/paiehub.ca\\\/fr\\\/author\\\/tatyana\\\/\",\"name\":\"Tatyana Vandich\",\"image\":{\"@type\":\"ImageObject\",\"url\":\"https:\\\/\\\/secure.gravatar.com\\\/avatar\\\/ad1f26d82dd3bbe0925578be008840e923cafae4896a77be25d7d3cbe028bfe1?s=96&d=mm&r=g\"}},{\"@type\":\"WebPage\",\"@id\":\"https:\\\/\\\/paiehub.ca\\\/fr\\\/comment-automatiser-la-paie-des-pme-avec-paie-hub\\\/#webpage\",\"url\":\"https:\\\/\\\/paiehub.ca\\\/fr\\\/comment-automatiser-la-paie-des-pme-avec-paie-hub\\\/\",\"name\":\"Comment automatiser la paie des PME avec Paie Hub\",\"description\":\"Paie Hub: Simplifiez la gestion de paie des PME qu\\u00e9b\\u00e9coises avec Paie Hub. Automatisation, fiabilit\\u00e9 et conformit\\u00e9 pour gagner du temps et r\\u00e9duire les erreurs.\",\"inLanguage\":\"fr-FR\",\"isPartOf\":{\"@id\":\"https:\\\/\\\/paiehub.ca\\\/fr\\\/#website\"},\"breadcrumb\":{\"@id\":\"https:\\\/\\\/paiehub.ca\\\/fr\\\/comment-automatiser-la-paie-des-pme-avec-paie-hub\\\/#breadcrumblist\"},\"author\":{\"@id\":\"https:\\\/\\\/paiehub.ca\\\/fr\\\/author\\\/tatyana\\\/#author\"},\"creator\":{\"@id\":\"https:\\\/\\\/paiehub.ca\\\/fr\\\/author\\\/tatyana\\\/#author\"},\"image\":{\"@type\":\"ImageObject\",\"url\":\"https:\\\/\\\/paiehub.ca\\\/wp-content\\\/uploads\\\/2025\\\/05\\\/Paie-Hub-blog.webp\",\"@id\":\"https:\\\/\\\/paiehub.ca\\\/fr\\\/comment-automatiser-la-paie-des-pme-avec-paie-hub\\\/#mainImage\",\"width\":1200,\"height\":630,\"caption\":\"la gestion de paie des PME qu\\u00e9b\\u00e9coises avec Paie Hub\"},\"primaryImageOfPage\":{\"@id\":\"https:\\\/\\\/paiehub.ca\\\/fr\\\/comment-automatiser-la-paie-des-pme-avec-paie-hub\\\/#mainImage\"},\"datePublished\":\"2025-05-08T10:55:54-04:00\",\"dateModified\":\"2025-05-26T15:10:58-04:00\"},{\"@type\":\"WebSite\",\"@id\":\"https:\\\/\\\/paiehub.ca\\\/fr\\\/#website\",\"url\":\"https:\\\/\\\/paiehub.ca\\\/fr\\\/\",\"name\":\"Paie Hub\",\"alternateName\":\"Solution de paie pour PME canadiennes\",\"description\":\"Solution de paie pour PME canadiennes\",\"inLanguage\":\"fr-FR\",\"publisher\":{\"@id\":\"https:\\\/\\\/paiehub.ca\\\/fr\\\/#organization\"}}]}\n\t\t<\/script>\n\t\t<!-- All in One SEO Pro -->\r\n\t\t<title>Comment automatiser la paie des PME avec Paie Hub<\/title>\n\n","aioseo_head_json":{"title":"Comment automatiser la paie des PME avec Paie Hub","description":"Paie Hub: Simplifiez la gestion de paie des PME qu\u00e9b\u00e9coises avec Paie Hub. Automatisation, fiabilit\u00e9 et conformit\u00e9 pour gagner du temps et r\u00e9duire les erreurs.","canonical_url":"https:\/\/paiehub.ca\/fr\/comment-automatiser-la-paie-des-pme-avec-paie-hub\/","robots":"max-image-preview:large","keywords":"","webmasterTools":{"miscellaneous":""},"schema":{"@context":"https:\/\/schema.org","@graph":[{"@type":"BlogPosting","@id":"https:\/\/paiehub.ca\/fr\/comment-automatiser-la-paie-des-pme-avec-paie-hub\/#blogposting","name":"Comment automatiser la paie des PME avec Paie Hub","headline":"Comment automatiser la paie des PME avec Paie Hub","author":{"@id":"https:\/\/paiehub.ca\/fr\/author\/tatyana\/#author"},"publisher":{"@id":"https:\/\/paiehub.ca\/fr\/#organization"},"image":{"@type":"ImageObject","url":"https:\/\/paiehub.ca\/wp-content\/uploads\/2025\/05\/Paie-Hub-blog.webp","width":1200,"height":630,"caption":"la gestion de paie des PME qu\u00e9b\u00e9coises avec Paie Hub"},"datePublished":"2025-05-08T10:55:54-04:00","dateModified":"2025-05-26T15:10:58-04:00","inLanguage":"fr-FR","mainEntityOfPage":{"@id":"https:\/\/paiehub.ca\/fr\/comment-automatiser-la-paie-des-pme-avec-paie-hub\/#webpage"},"isPartOf":{"@id":"https:\/\/paiehub.ca\/fr\/comment-automatiser-la-paie-des-pme-avec-paie-hub\/#webpage"},"articleSection":"Blogue, Automatisation des processus, D\u00e9p\u00f4t direct automatis\u00e9, Gestion des avantages sociaux, La gestion de la paie, La paie au Qu\u00e9bec, Paie\u202fHub, Facultatif"},{"@type":"BreadcrumbList","@id":"https:\/\/paiehub.ca\/fr\/comment-automatiser-la-paie-des-pme-avec-paie-hub\/#breadcrumblist","itemListElement":[{"@type":"ListItem","@id":"https:\/\/paiehub.ca\/fr\/#listItem","position":1,"name":"Home","item":"https:\/\/paiehub.ca\/fr\/","nextItem":{"@type":"ListItem","@id":"https:\/\/paiehub.ca\/fr\/blogue\/#listItem","name":"Blogue"}},{"@type":"ListItem","@id":"https:\/\/paiehub.ca\/fr\/blogue\/#listItem","position":2,"name":"Blogue","previousItem":{"@type":"ListItem","@id":"https:\/\/paiehub.ca\/fr\/#listItem","name":"Home"}}]},{"@type":"Organization","@id":"https:\/\/paiehub.ca\/fr\/#organization","name":"Paie Hub","description":"Efficient Payroll Solution for Canadian SMBs","url":"https:\/\/paiehub.ca\/fr\/","telephone":"+15145710913","logo":{"@type":"ImageObject","url":"https:\/\/paiehub.ca\/wp-content\/uploads\/2025\/05\/Paiehub-logo.webp","@id":"https:\/\/paiehub.ca\/fr\/comment-automatiser-la-paie-des-pme-avec-paie-hub\/#organizationLogo","width":1640,"height":856,"caption":"Paie Hub logo de l'entreprise"},"image":{"@id":"https:\/\/paiehub.ca\/fr\/comment-automatiser-la-paie-des-pme-avec-paie-hub\/#organizationLogo"},"address":{"@id":"https:\/\/paiehub.ca\/fr\/#postaladdress","@type":"PostalAddress","streetAddress":"272 Henri-Bourassa West Montreal,","postalCode":"H3L 1N6","addressLocality":"Montreal","addressRegion":"Quebec","addressCountry":"CA"}},{"@type":"Person","@id":"https:\/\/paiehub.ca\/fr\/author\/tatyana\/#author","url":"https:\/\/paiehub.ca\/fr\/author\/tatyana\/","name":"Tatyana Vandich","image":{"@type":"ImageObject","url":"https:\/\/secure.gravatar.com\/avatar\/ad1f26d82dd3bbe0925578be008840e923cafae4896a77be25d7d3cbe028bfe1?s=96&d=mm&r=g"}},{"@type":"WebPage","@id":"https:\/\/paiehub.ca\/fr\/comment-automatiser-la-paie-des-pme-avec-paie-hub\/#webpage","url":"https:\/\/paiehub.ca\/fr\/comment-automatiser-la-paie-des-pme-avec-paie-hub\/","name":"Comment automatiser la paie des PME avec Paie Hub","description":"Paie Hub: Simplifiez la gestion de paie des PME qu\u00e9b\u00e9coises avec Paie Hub. Automatisation, fiabilit\u00e9 et conformit\u00e9 pour gagner du temps et r\u00e9duire les erreurs.","inLanguage":"fr-FR","isPartOf":{"@id":"https:\/\/paiehub.ca\/fr\/#website"},"breadcrumb":{"@id":"https:\/\/paiehub.ca\/fr\/comment-automatiser-la-paie-des-pme-avec-paie-hub\/#breadcrumblist"},"author":{"@id":"https:\/\/paiehub.ca\/fr\/author\/tatyana\/#author"},"creator":{"@id":"https:\/\/paiehub.ca\/fr\/author\/tatyana\/#author"},"image":{"@type":"ImageObject","url":"https:\/\/paiehub.ca\/wp-content\/uploads\/2025\/05\/Paie-Hub-blog.webp","@id":"https:\/\/paiehub.ca\/fr\/comment-automatiser-la-paie-des-pme-avec-paie-hub\/#mainImage","width":1200,"height":630,"caption":"la gestion de paie des PME qu\u00e9b\u00e9coises avec Paie Hub"},"primaryImageOfPage":{"@id":"https:\/\/paiehub.ca\/fr\/comment-automatiser-la-paie-des-pme-avec-paie-hub\/#mainImage"},"datePublished":"2025-05-08T10:55:54-04:00","dateModified":"2025-05-26T15:10:58-04:00"},{"@type":"WebSite","@id":"https:\/\/paiehub.ca\/fr\/#website","url":"https:\/\/paiehub.ca\/fr\/","name":"Paie Hub","alternateName":"Solution de paie pour PME canadiennes","description":"Solution de paie pour PME canadiennes","inLanguage":"fr-FR","publisher":{"@id":"https:\/\/paiehub.ca\/fr\/#organization"}}]},"og:locale":"fr_FR","og:site_name":"Paie Hub - Solution de paie pour PME canadiennes","og:type":"article","og:title":"Comment automatiser la paie des PME avec Paie Hub","og:description":"Paie Hub: Simplifiez la gestion de paie des PME qu\u00e9b\u00e9coises avec Paie Hub. Automatisation, fiabilit\u00e9 et conformit\u00e9 pour gagner du temps et r\u00e9duire les erreurs.","og:url":"https:\/\/paiehub.ca\/fr\/comment-automatiser-la-paie-des-pme-avec-paie-hub\/","og:image":"https:\/\/paiehub.ca\/wp-content\/uploads\/2025\/05\/PaieHub.jpg","og:image:secure_url":"https:\/\/paiehub.ca\/wp-content\/uploads\/2025\/05\/PaieHub.jpg","og:image:width":1200,"og:image:height":628,"article:published_time":"2025-05-08T14:55:54+00:00","article:modified_time":"2025-05-26T19:10:58+00:00","twitter:card":"summary","twitter:title":"Comment automatiser la paie des PME avec Paie Hub","twitter:description":"Paie Hub: Simplifiez la gestion de paie des PME qu\u00e9b\u00e9coises avec Paie Hub. Automatisation, fiabilit\u00e9 et conformit\u00e9 pour gagner du temps et r\u00e9duire les erreurs.","twitter:image":"https:\/\/paiehub.ca\/wp-content\/uploads\/2025\/05\/PaieHub.jpg"},"aioseo_meta_data":{"post_id":"26811","title":"Blogue - Paie Hub | Simplifiez la gestion de la paie","description":"Explorez notre blogue d\u00e9di\u00e9 \u00e0 la gestion de la paie pour PME canadiennes: conseils, automatisation, conformit\u00e9 et solutions modernes pour vos op\u00e9rations.","keywords":null,"keyphrases":{"focus":{"keyphrase":"Blogue","score":88,"analysis":{"keyphraseInTitle":{"score":9,"maxScore":9,"error":0},"keyphraseInDescription":{"score":9,"maxScore":9,"error":0},"keyphraseLength":{"score":9,"maxScore":9,"error":0,"length":1},"keyphraseInURL":{"score":5,"maxScore":5,"error":0},"keyphraseInIntroduction":{"score":3,"maxScore":9,"error":1},"keyphraseInSubHeadings":[],"keyphraseInImageAlt":[],"keywordDensity":{"type":"best","score":9,"maxScore":9,"error":0}}},"additional":[]},"primary_term":null,"canonical_url":"http:\/\/ITblog,Namtek,ITtopics,ITexperts,ERP,EDI2XML,CRM,BusinessContinuity,ITProvider,ITConsulting","og_title":null,"og_description":null,"og_object_type":"default","og_image_type":"default","og_image_url":null,"og_image_width":null,"og_image_height":null,"og_image_custom_url":null,"og_image_custom_fields":null,"og_video":"","og_custom_url":null,"og_article_section":null,"og_article_tags":null,"twitter_use_og":false,"twitter_card":"default","twitter_image_type":"default","twitter_image_url":null,"twitter_image_custom_url":null,"twitter_image_custom_fields":null,"twitter_title":null,"twitter_description":null,"schema":{"blockGraphs":[],"customGraphs":[],"default":{"data":{"Article":[],"Course":[],"Dataset":[],"FAQPage":[],"Movie":[],"Person":[],"Product":[],"ProductReview":[],"Car":[],"Recipe":[],"Service":[],"SoftwareApplication":[],"WebPage":{"id":"aioseo-web-page-6358658ee8e7d","slug":"web-page","graphName":"WebPage","label":"Web Page","properties":{"type":"WebPage","name":"","description":""}}},"graphName":"WebPage","isEnabled":true},"graphs":[]},"schema_type":"default","schema_type_options":"{\"article\":{\"articleType\":\"BlogPosting\"},\"course\":{\"name\":\"\",\"description\":\"\",\"provider\":\"\"},\"faq\":{\"pages\":[]},\"product\":{\"reviews\":[]},\"recipe\":{\"ingredients\":[],\"instructions\":[],\"keywords\":[]},\"software\":{\"reviews\":[],\"operatingSystems\":[]},\"webPage\":{\"webPageType\":\"WebPage\"},\"blockGraphs\":[]}","pillar_content":false,"robots_default":true,"robots_noindex":false,"robots_noarchive":false,"robots_nosnippet":false,"robots_nofollow":false,"robots_noimageindex":false,"robots_noodp":false,"robots_notranslate":false,"robots_max_snippet":"-1","robots_max_videopreview":"-1","robots_max_imagepreview":"large","priority":null,"frequency":"default","local_seo":null,"seo_analyzer_scan_date":null,"breadcrumb_settings":null,"limit_modified_date":0,"reviewed_by":null,"open_ai":"{\"title\":{\"suggestions\":[],\"usage\":0},\"description\":{\"suggestions\":[],\"usage\":0}}","ai":null,"created":"2022-11-18 20:07:58","updated":"2025-05-14 13:52:00"},"aioseo_breadcrumb":"<div class=\"aioseo-breadcrumbs\"><span class=\"aioseo-breadcrumb\">\n\t<a href=\"https:\/\/paiehub.ca\/fr\/\" title=\"Home\">Home<\/a>\n<\/span><span class=\"aioseo-breadcrumb-separator\">&raquo;<\/span><span class=\"aioseo-breadcrumb\">\n\tBlogue\n<\/span><\/div>","aioseo_breadcrumb_json":[{"label":"Home","link":"https:\/\/paiehub.ca\/fr\/"},{"label":"Blogue","link":"https:\/\/paiehub.ca\/fr\/blogue\/"}],"_links":{"self":[{"href":"https:\/\/paiehub.ca\/fr\/wp-json\/wp\/v2\/pages\/26811","targetHints":{"allow":["GET"]}}],"collection":[{"href":"https:\/\/paiehub.ca\/fr\/wp-json\/wp\/v2\/pages"}],"about":[{"href":"https:\/\/paiehub.ca\/fr\/wp-json\/wp\/v2\/types\/page"}],"author":[{"embeddable":true,"href":"https:\/\/paiehub.ca\/fr\/wp-json\/wp\/v2\/users\/35"}],"replies":[{"embeddable":true,"href":"https:\/\/paiehub.ca\/fr\/wp-json\/wp\/v2\/comments?post=26811"}],"version-history":[{"count":14,"href":"https:\/\/paiehub.ca\/fr\/wp-json\/wp\/v2\/pages\/26811\/revisions"}],"predecessor-version":[{"id":31645,"href":"https:\/\/paiehub.ca\/fr\/wp-json\/wp\/v2\/pages\/26811\/revisions\/31645"}],"wp:attachment":[{"href":"https:\/\/paiehub.ca\/fr\/wp-json\/wp\/v2\/media?parent=26811"}],"wp:term":[{"taxonomy":"category","embeddable":true,"href":"https:\/\/paiehub.ca\/fr\/wp-json\/wp\/v2\/categories?post=26811"},{"taxonomy":"post_tag","embeddable":true,"href":"https:\/\/paiehub.ca\/fr\/wp-json\/wp\/v2\/tags?post=26811"}],"curies":[{"name":"wp","href":"https:\/\/api.w.org\/{rel}","templated":true}]}}