{"id":26767,"date":"2022-10-03T15:14:18","date_gmt":"2022-10-03T15:14:18","guid":{"rendered":"https:\/\/www.namtek.ca\/politique-en-matiere-de-cookies\/"},"modified":"2025-05-20T13:06:16","modified_gmt":"2025-05-20T17:06:16","slug":"politique-en-matiere-de-cookies","status":"publish","type":"page","link":"https:\/\/paiehub.ca\/fr\/politique-en-matiere-de-cookies\/","title":{"rendered":"Politique en mati\u00e8re de cookies"},"content":{"rendered":"<div  class='flex_column av-1cgvn8v-6e7c7722e2d680e8b91d7305fce976c3 av_one_full  avia-builder-el-0  avia-builder-el-no-sibling  first flex_column_div  '     ><section  class='av_textblock_section av-l8swocim-0271671d464b92988431c81be4a99414 '   itemscope=\"itemscope\" itemtype=\"https:\/\/schema.org\/CreativeWork\" ><div class='avia_textblock'  itemprop=\"text\" ><h1 style=\"text-align: center;\">Paie Hub &#8211; Politique en mati\u00e8re de cookies<\/h1>\n<\/div><\/section><br \/>\n\n<style type=\"text\/css\" data-created_by=\"avia_inline_auto\" id=\"style-css-av-27qijz-880feaca3c57845dba9f222a6e623797\">\n#top .hr.av-27qijz-880feaca3c57845dba9f222a6e623797{\nmargin-top:5px;\nmargin-bottom:5px;\n}\n.hr.av-27qijz-880feaca3c57845dba9f222a6e623797 .hr-inner{\nwidth:50px;\nborder-color:#0546b2;\n}\n<\/style>\n<div  class='hr av-27qijz-880feaca3c57845dba9f222a6e623797 hr-custom  avia-builder-el-2  el_after_av_textblock  el_before_av_textblock  hr-center hr-icon-no'><span class='hr-inner inner-border-av-border-fat'><span class=\"hr-inner-style\"><\/span><\/span><\/div><br \/>\n<section  class='av_textblock_section av-l8sws67h-2ed55761af03ef5a8283a6d41cd49dca '   itemscope=\"itemscope\" itemtype=\"https:\/\/schema.org\/CreativeWork\" ><div class='avia_textblock'  itemprop=\"text\" ><h2>\u00c0 propos de cette politique de cookies<\/h2>\n<p>Cette politique relative aux cookies explique ce que sont les cookies et comment nous les utilisons. Nous vous invitons \u00e0 lire attentivement cette politique afin de comprendre ce que sont les cookies, comment nous les utilisons, les types de cookies que nous utilisons, c&rsquo;est-\u00e0-dire les informations que nous collectons \u00e0 l&rsquo;aide de cookies et comment ces informations sont utilis\u00e9es et comment contr\u00f4ler les pr\u00e9f\u00e9rences des cookies.<\/p>\n<p>Pour plus d&rsquo;informations sur la mani\u00e8re dont nous utilisons, stockons et prot\u00e9geons vos donn\u00e9es personnelles, consultez notre Politique de confidentialit\u00e9.<\/p>\n<p>Vous pouvez \u00e0 tout moment modifier ou retirer votre consentement \u00e0 la d\u00e9claration relative aux cookies sur notre site Web &#8211; <a href=\"https:\/\/paiehub.ca\/fr\/\" target=\"_blank\" rel=\"noopener\">Paie Hub<\/a>.<br \/>\nApprenez-en plus sur qui nous sommes, comment vous pouvez nous contacter et comment nous traitons les donn\u00e9es personnelles dans notre politique de confidentialit\u00e9.<\/p>\n<p>Votre consentement s&rsquo;applique aux domaines suivants : <a href=\"https:\/\/paiehub.ca\/fr\/\" target=\"_blank\" rel=\"noopener\">https:\/\/paiehub.ca\/fr\/<\/a><br \/>\nVotre \u00e9tat actuel : Aucun consentement donn\u00e9. G\u00e9rez votre consentement.<\/p>\n<h2>Que sont les cookies ?<\/h2>\n<p>Les cookies sont de petits fichiers texte utilis\u00e9s pour stocker de petites informations. Les cookies sont stock\u00e9s sur votre appareil lorsque le site Web est charg\u00e9 sur votre navigateur. Ces cookies nous aident \u00e0 faire fonctionner correctement le site Web, \u00e0 le rendre plus s\u00e9curis\u00e9, \u00e0 offrir une meilleure exp\u00e9rience utilisateur et \u00e0 comprendre comment le site Web fonctionne et \u00e0 analyser ce qui fonctionne et o\u00f9 il doit \u00eatre am\u00e9lior\u00e9.<\/p>\n<h2>Paie Hub &#8211; Comment utilisons-nous les cookies ?<\/h2>\n<p>Comme la plupart des services en ligne, notre site Web utilise des cookies internes et des cookies tiers \u00e0 plusieurs fins. Les cookies propri\u00e9taires sont principalement n\u00e9cessaires au bon fonctionnement du site Web et ne collectent aucune de vos donn\u00e9es personnelles identifiables.<\/p>\n<p>Les cookies tiers utilis\u00e9s sur nos sites Web sont principalement utilis\u00e9s pour comprendre comment le site Web fonctionne, comment vous interagissez avec notre site Web, assurer la s\u00e9curit\u00e9 de nos services, fournir des publicit\u00e9s qui vous int\u00e9ressent et, dans l&rsquo;ensemble, vous fournir un meilleur et am\u00e9lior\u00e9 l&rsquo;exp\u00e9rience utilisateur et aider \u00e0 acc\u00e9l\u00e9rer vos futures interactions avec notre site Web.<\/p>\n<h2>Quels types de cookies utilisons-nous ?<\/h2>\n<p>Essentiel : Certains cookies sont essentiels pour que vous puissiez profiter de toutes les fonctionnalit\u00e9s de notre site. Ils nous permettent de maintenir les sessions des utilisateurs et de pr\u00e9venir toute menace de s\u00e9curit\u00e9. Ils ne collectent ni ne stockent aucune information personnelle. Par exemple, ces cookies vous permettent de vous connecter \u00e0 votre compte et d&rsquo;ajouter des produits \u00e0 votre panier et de payer en toute s\u00e9curit\u00e9.<\/p>\n<p><strong>Statistiques :<\/strong> ces cookies stockent des informations telles que le nombre de visiteurs sur le site Web, le nombre de visiteurs uniques, les pages du site Web qui ont \u00e9t\u00e9 visit\u00e9es, la source de la visite, etc. Ces donn\u00e9es nous aident \u00e0 comprendre et \u00e0 analyser les performances et les performances du site Web. o\u00f9 il a besoin d&rsquo;\u00eatre am\u00e9lior\u00e9.<\/p>\n<p><strong>Marketing :<\/strong> Notre site Web affiche des publicit\u00e9s. Ces cookies sont utilis\u00e9s pour personnaliser les publicit\u00e9s que nous vous montrons afin qu&rsquo;elles soient significatives pour vous. Ces cookies nous aident \u00e9galement \u00e0 suivre l&rsquo;efficacit\u00e9 de ces campagnes publicitaires.<br \/>\nLes informations stock\u00e9es dans ces cookies peuvent \u00e9galement \u00eatre utilis\u00e9es par les fournisseurs de publicit\u00e9 tiers pour vous montrer \u00e9galement des publicit\u00e9s sur d&rsquo;autres sites Web sur le navigateur.<\/p>\n<p><strong>Fonctionnel :<\/strong> Ce sont les cookies qui aident certaines fonctionnalit\u00e9s non essentielles sur notre site Web. Ces fonctionnalit\u00e9s incluent l&rsquo;int\u00e9gration de contenus tels que des vid\u00e9os ou le partage de contenus sur le site Web sur les plateformes de m\u00e9dias sociaux.<\/p>\n<p><strong>Pr\u00e9f\u00e9rences :<\/strong> ces cookies nous aident \u00e0 stocker vos param\u00e8tres et vos pr\u00e9f\u00e9rences de navigation, comme les pr\u00e9f\u00e9rences linguistiques, afin que vous ayez une exp\u00e9rience meilleure et efficace lors de vos prochaines visites sur le site Web.<\/p>\n<p>Si vous d\u00e9cidez de modifier vos pr\u00e9f\u00e9rences ult\u00e9rieurement au cours de votre session de navigation, vous pouvez cliquer sur l&rsquo;onglet \u00ab\u00a0Politique de confidentialit\u00e9 et de cookies\u00a0\u00bb sur votre \u00e9cran. Cela affichera \u00e0 nouveau l&rsquo;avis de consentement vous permettant de modifier vos pr\u00e9f\u00e9rences ou de retirer enti\u00e8rement votre consentement.<\/p>\n<p>En plus de cela, diff\u00e9rents navigateurs proposent diff\u00e9rentes m\u00e9thodes pour bloquer et supprimer les cookies utilis\u00e9s par les sites Web. Vous pouvez modifier les param\u00e8tres de votre navigateur pour bloquer\/supprimer les cookies. Pour en savoir plus sur la gestion et la suppression des cookies, visitez wikipedia.org, <a href=\"http:\/\/www.allaboutcookies.org\">www.allaboutcookies.org<\/a><\/p>\n<\/div><\/section><\/p><\/div>\n","protected":false},"excerpt":{"rendered":"","protected":false},"author":35,"featured_media":0,"parent":0,"menu_order":30,"comment_status":"closed","ping_status":"closed","template":"","meta":{"om_disable_all_campaigns":false,"_lmt_disableupdate":"no","_lmt_disable":"","_monsterinsights_skip_tracking":false,"_monsterinsights_sitenote_active":false,"_monsterinsights_sitenote_note":"","_monsterinsights_sitenote_category":0,"footnotes":"","_links_to":"","_links_to_target":""},"categories":[],"tags":[3219,3217,3218],"class_list":["post-26767","page","type-page","status-publish","hentry","tag-conformite","tag-politique-de-confidentialite","tag-protection-des-donnees"],"aioseo_notices":[],"aioseo_head":"\n\t\t<!-- All in One SEO Pro 4.9.5.2 - aioseo.com -->\n\t<meta name=\"description\" content=\"Paie Hub: l&#039;objectif de cette politique est d&#039;expliquer ce que sont les cookies, comment nous les utilisons et comment vous pouvez les contr\u00f4ler.\" \/>\n\t<meta name=\"robots\" content=\"max-image-preview:large\" \/>\n\t<link rel=\"canonical\" href=\"https:\/\/paiehub.ca\/fr\/politique-en-matiere-de-cookies\/\" \/>\n\t<meta name=\"generator\" content=\"All in One SEO Pro (AIOSEO) 4.9.5.2\" \/>\n\t\t<meta property=\"og:locale\" content=\"fr_FR\" \/>\n\t\t<meta property=\"og:site_name\" content=\"Paie Hub - Solution de paie pour PME canadiennes\" \/>\n\t\t<meta property=\"og:type\" content=\"article\" \/>\n\t\t<meta property=\"og:title\" content=\"Paie Hub - Politique en mati\u00e8re de cookies\" \/>\n\t\t<meta property=\"og:description\" content=\"Paie Hub: l&#039;objectif de cette politique est d&#039;expliquer ce que sont les cookies, comment nous les utilisons et comment vous pouvez les contr\u00f4ler.\" \/>\n\t\t<meta property=\"og:url\" content=\"https:\/\/paiehub.ca\/fr\/politique-en-matiere-de-cookies\/\" \/>\n\t\t<meta property=\"og:image\" content=\"https:\/\/paiehub.ca\/wp-content\/uploads\/2025\/05\/PaieHub.jpg\" \/>\n\t\t<meta property=\"og:image:secure_url\" content=\"https:\/\/paiehub.ca\/wp-content\/uploads\/2025\/05\/PaieHub.jpg\" \/>\n\t\t<meta property=\"og:image:width\" content=\"1200\" \/>\n\t\t<meta property=\"og:image:height\" content=\"628\" \/>\n\t\t<meta property=\"article:published_time\" content=\"2022-10-03T15:14:18+00:00\" \/>\n\t\t<meta property=\"article:modified_time\" content=\"2025-05-20T17:06:16+00:00\" \/>\n\t\t<meta name=\"twitter:card\" content=\"summary\" \/>\n\t\t<meta name=\"twitter:title\" content=\"Paie Hub - Politique en mati\u00e8re de cookies\" \/>\n\t\t<meta name=\"twitter:description\" content=\"Paie Hub: l&#039;objectif de cette politique est d&#039;expliquer ce que sont les cookies, comment nous les utilisons et comment vous pouvez les contr\u00f4ler.\" \/>\n\t\t<meta name=\"twitter:image\" content=\"https:\/\/paiehub.ca\/wp-content\/uploads\/2025\/05\/PaieHub.jpg\" \/>\n\t\t<script type=\"application\/ld+json\" class=\"aioseo-schema\">\n\t\t\t{\"@context\":\"https:\\\/\\\/schema.org\",\"@graph\":[{\"@type\":\"BreadcrumbList\",\"@id\":\"https:\\\/\\\/paiehub.ca\\\/fr\\\/politique-en-matiere-de-cookies\\\/#breadcrumblist\",\"itemListElement\":[{\"@type\":\"ListItem\",\"@id\":\"https:\\\/\\\/paiehub.ca\\\/fr\\\/#listItem\",\"position\":1,\"name\":\"Home\",\"item\":\"https:\\\/\\\/paiehub.ca\\\/fr\\\/\",\"nextItem\":{\"@type\":\"ListItem\",\"@id\":\"https:\\\/\\\/paiehub.ca\\\/fr\\\/politique-en-matiere-de-cookies\\\/#listItem\",\"name\":\"Politique en mati\\u00e8re de cookies\"}},{\"@type\":\"ListItem\",\"@id\":\"https:\\\/\\\/paiehub.ca\\\/fr\\\/politique-en-matiere-de-cookies\\\/#listItem\",\"position\":2,\"name\":\"Politique en mati\\u00e8re de cookies\",\"previousItem\":{\"@type\":\"ListItem\",\"@id\":\"https:\\\/\\\/paiehub.ca\\\/fr\\\/#listItem\",\"name\":\"Home\"}}]},{\"@type\":\"Organization\",\"@id\":\"https:\\\/\\\/paiehub.ca\\\/fr\\\/#organization\",\"name\":\"Paie Hub\",\"description\":\"Efficient Payroll Solution for Canadian SMBs\",\"url\":\"https:\\\/\\\/paiehub.ca\\\/fr\\\/\",\"telephone\":\"+15145710913\",\"logo\":{\"@type\":\"ImageObject\",\"url\":\"https:\\\/\\\/paiehub.ca\\\/wp-content\\\/uploads\\\/2025\\\/05\\\/Paiehub-logo.webp\",\"@id\":\"https:\\\/\\\/paiehub.ca\\\/fr\\\/politique-en-matiere-de-cookies\\\/#organizationLogo\",\"width\":1640,\"height\":856,\"caption\":\"Paie Hub logo de l'entreprise\"},\"image\":{\"@id\":\"https:\\\/\\\/paiehub.ca\\\/fr\\\/politique-en-matiere-de-cookies\\\/#organizationLogo\"},\"address\":{\"@id\":\"https:\\\/\\\/paiehub.ca\\\/fr\\\/#postaladdress\",\"@type\":\"PostalAddress\",\"streetAddress\":\"272 Henri-Bourassa West Montreal,\",\"postalCode\":\"H3L 1N6\",\"addressLocality\":\"Montreal\",\"addressRegion\":\"Quebec\",\"addressCountry\":\"CA\"}},{\"@type\":\"WebPage\",\"@id\":\"https:\\\/\\\/paiehub.ca\\\/fr\\\/politique-en-matiere-de-cookies\\\/#webpage\",\"url\":\"https:\\\/\\\/paiehub.ca\\\/fr\\\/politique-en-matiere-de-cookies\\\/\",\"name\":\"Paie Hub - Politique en mati\\u00e8re de cookies\",\"description\":\"Paie Hub: l'objectif de cette politique est d'expliquer ce que sont les cookies, comment nous les utilisons et comment vous pouvez les contr\\u00f4ler.\",\"inLanguage\":\"fr-FR\",\"isPartOf\":{\"@id\":\"https:\\\/\\\/paiehub.ca\\\/fr\\\/#website\"},\"breadcrumb\":{\"@id\":\"https:\\\/\\\/paiehub.ca\\\/fr\\\/politique-en-matiere-de-cookies\\\/#breadcrumblist\"},\"datePublished\":\"2022-10-03T15:14:18-04:00\",\"dateModified\":\"2025-05-20T13:06:16-04:00\"},{\"@type\":\"WebSite\",\"@id\":\"https:\\\/\\\/paiehub.ca\\\/fr\\\/#website\",\"url\":\"https:\\\/\\\/paiehub.ca\\\/fr\\\/\",\"name\":\"Paie Hub\",\"alternateName\":\"Solution de paie pour PME canadiennes\",\"description\":\"Solution de paie pour PME canadiennes\",\"inLanguage\":\"fr-FR\",\"publisher\":{\"@id\":\"https:\\\/\\\/paiehub.ca\\\/fr\\\/#organization\"}}]}\n\t\t<\/script>\n\t\t<!-- All in One SEO Pro -->\r\n\t\t<title>Paie Hub - Politique en mati\u00e8re de cookies<\/title>\n\n","aioseo_head_json":{"title":"Paie Hub - Politique en mati\u00e8re de cookies","description":"Paie Hub: l'objectif de cette politique est d'expliquer ce que sont les cookies, comment nous les utilisons et comment vous pouvez les contr\u00f4ler.","canonical_url":"https:\/\/paiehub.ca\/fr\/politique-en-matiere-de-cookies\/","robots":"max-image-preview:large","keywords":"","webmasterTools":{"miscellaneous":""},"schema":{"@context":"https:\/\/schema.org","@graph":[{"@type":"BreadcrumbList","@id":"https:\/\/paiehub.ca\/fr\/politique-en-matiere-de-cookies\/#breadcrumblist","itemListElement":[{"@type":"ListItem","@id":"https:\/\/paiehub.ca\/fr\/#listItem","position":1,"name":"Home","item":"https:\/\/paiehub.ca\/fr\/","nextItem":{"@type":"ListItem","@id":"https:\/\/paiehub.ca\/fr\/politique-en-matiere-de-cookies\/#listItem","name":"Politique en mati\u00e8re de cookies"}},{"@type":"ListItem","@id":"https:\/\/paiehub.ca\/fr\/politique-en-matiere-de-cookies\/#listItem","position":2,"name":"Politique en mati\u00e8re de cookies","previousItem":{"@type":"ListItem","@id":"https:\/\/paiehub.ca\/fr\/#listItem","name":"Home"}}]},{"@type":"Organization","@id":"https:\/\/paiehub.ca\/fr\/#organization","name":"Paie Hub","description":"Efficient Payroll Solution for Canadian SMBs","url":"https:\/\/paiehub.ca\/fr\/","telephone":"+15145710913","logo":{"@type":"ImageObject","url":"https:\/\/paiehub.ca\/wp-content\/uploads\/2025\/05\/Paiehub-logo.webp","@id":"https:\/\/paiehub.ca\/fr\/politique-en-matiere-de-cookies\/#organizationLogo","width":1640,"height":856,"caption":"Paie Hub logo de l'entreprise"},"image":{"@id":"https:\/\/paiehub.ca\/fr\/politique-en-matiere-de-cookies\/#organizationLogo"},"address":{"@id":"https:\/\/paiehub.ca\/fr\/#postaladdress","@type":"PostalAddress","streetAddress":"272 Henri-Bourassa West Montreal,","postalCode":"H3L 1N6","addressLocality":"Montreal","addressRegion":"Quebec","addressCountry":"CA"}},{"@type":"WebPage","@id":"https:\/\/paiehub.ca\/fr\/politique-en-matiere-de-cookies\/#webpage","url":"https:\/\/paiehub.ca\/fr\/politique-en-matiere-de-cookies\/","name":"Paie Hub - Politique en mati\u00e8re de cookies","description":"Paie Hub: l'objectif de cette politique est d'expliquer ce que sont les cookies, comment nous les utilisons et comment vous pouvez les contr\u00f4ler.","inLanguage":"fr-FR","isPartOf":{"@id":"https:\/\/paiehub.ca\/fr\/#website"},"breadcrumb":{"@id":"https:\/\/paiehub.ca\/fr\/politique-en-matiere-de-cookies\/#breadcrumblist"},"datePublished":"2022-10-03T15:14:18-04:00","dateModified":"2025-05-20T13:06:16-04:00"},{"@type":"WebSite","@id":"https:\/\/paiehub.ca\/fr\/#website","url":"https:\/\/paiehub.ca\/fr\/","name":"Paie Hub","alternateName":"Solution de paie pour PME canadiennes","description":"Solution de paie pour PME canadiennes","inLanguage":"fr-FR","publisher":{"@id":"https:\/\/paiehub.ca\/fr\/#organization"}}]},"og:locale":"fr_FR","og:site_name":"Paie Hub - Solution de paie pour PME canadiennes","og:type":"article","og:title":"Paie Hub - Politique en mati\u00e8re de cookies","og:description":"Paie Hub: l'objectif de cette politique est d'expliquer ce que sont les cookies, comment nous les utilisons et comment vous pouvez les contr\u00f4ler.","og:url":"https:\/\/paiehub.ca\/fr\/politique-en-matiere-de-cookies\/","og:image":"https:\/\/paiehub.ca\/wp-content\/uploads\/2025\/05\/PaieHub.jpg","og:image:secure_url":"https:\/\/paiehub.ca\/wp-content\/uploads\/2025\/05\/PaieHub.jpg","og:image:width":1200,"og:image:height":628,"article:published_time":"2022-10-03T15:14:18+00:00","article:modified_time":"2025-05-20T17:06:16+00:00","twitter:card":"summary","twitter:title":"Paie Hub - Politique en mati\u00e8re de cookies","twitter:description":"Paie Hub: l'objectif de cette politique est d'expliquer ce que sont les cookies, comment nous les utilisons et comment vous pouvez les contr\u00f4ler.","twitter:image":"https:\/\/paiehub.ca\/wp-content\/uploads\/2025\/05\/PaieHub.jpg"},"aioseo_meta_data":{"post_id":"26767","title":"Paie Hub - Politique en mati\u00e8re de cookies","description":"Paie Hub: l'objectif de cette politique est d'expliquer ce que sont les cookies, comment nous les utilisons et comment vous pouvez les contr\u00f4ler.","keywords":null,"keyphrases":{"focus":{"keyphrase":"Paie Hub","score":58,"analysis":{"keyphraseInTitle":{"score":9,"maxScore":9,"error":0},"keyphraseInDescription":{"score":9,"maxScore":9,"error":0},"keyphraseLength":{"score":9,"maxScore":9,"error":0,"length":2},"keyphraseInURL":{"score":1,"maxScore":5,"error":1},"keyphraseInIntroduction":{"score":3,"maxScore":9,"error":1},"keyphraseInSubHeadings":{"score":3,"maxScore":9,"error":1},"keyphraseInImageAlt":[],"keywordDensity":{"score":0,"type":"low","maxScore":9,"error":1}}},"additional":[]},"primary_term":null,"canonical_url":null,"og_title":null,"og_description":null,"og_object_type":"default","og_image_type":"default","og_image_url":null,"og_image_width":null,"og_image_height":null,"og_image_custom_url":null,"og_image_custom_fields":null,"og_video":"","og_custom_url":null,"og_article_section":null,"og_article_tags":null,"twitter_use_og":false,"twitter_card":"default","twitter_image_type":"default","twitter_image_url":null,"twitter_image_custom_url":null,"twitter_image_custom_fields":null,"twitter_title":null,"twitter_description":null,"schema":{"blockGraphs":[],"customGraphs":[],"default":{"data":{"Article":[],"Course":[],"Dataset":[],"FAQPage":[],"Movie":[],"Person":[],"Product":[],"ProductReview":[],"Car":[],"Recipe":[],"Service":[],"SoftwareApplication":[],"WebPage":{"id":"aioseo-web-page-63586eae127b7","slug":"web-page","graphName":"WebPage","label":"Web Page","properties":{"type":"WebPage","name":"","description":""}}},"graphName":"WebPage","isEnabled":true},"graphs":[]},"schema_type":"default","schema_type_options":"{\"article\":{\"articleType\":\"BlogPosting\"},\"course\":{\"name\":\"\",\"description\":\"\",\"provider\":\"\"},\"faq\":{\"pages\":[]},\"product\":{\"reviews\":[]},\"recipe\":{\"ingredients\":[],\"instructions\":[],\"keywords\":[]},\"software\":{\"reviews\":[],\"operatingSystems\":[]},\"webPage\":{\"webPageType\":\"WebPage\"},\"blockGraphs\":[]}","pillar_content":false,"robots_default":true,"robots_noindex":false,"robots_noarchive":false,"robots_nosnippet":false,"robots_nofollow":false,"robots_noimageindex":false,"robots_noodp":false,"robots_notranslate":false,"robots_max_snippet":"-1","robots_max_videopreview":"-1","robots_max_imagepreview":"large","priority":null,"frequency":"default","local_seo":null,"seo_analyzer_scan_date":null,"breadcrumb_settings":null,"limit_modified_date":0,"reviewed_by":null,"open_ai":"{\"title\":{\"suggestions\":[],\"usage\":0},\"description\":{\"suggestions\":[],\"usage\":0}}","ai":null,"created":"2022-11-18 20:07:39","updated":"2025-05-20 17:06:16"},"aioseo_breadcrumb":"<div class=\"aioseo-breadcrumbs\"><span class=\"aioseo-breadcrumb\">\n\t<a href=\"https:\/\/paiehub.ca\/fr\/\" title=\"Home\">Home<\/a>\n<\/span><span class=\"aioseo-breadcrumb-separator\">&raquo;<\/span><span class=\"aioseo-breadcrumb\">\n\tPolitique en mati\u00e8re de cookies\n<\/span><\/div>","aioseo_breadcrumb_json":[{"label":"Home","link":"https:\/\/paiehub.ca\/fr\/"},{"label":"Politique en mati\u00e8re de cookies","link":"https:\/\/paiehub.ca\/fr\/politique-en-matiere-de-cookies\/"}],"_links":{"self":[{"href":"https:\/\/paiehub.ca\/fr\/wp-json\/wp\/v2\/pages\/26767","targetHints":{"allow":["GET"]}}],"collection":[{"href":"https:\/\/paiehub.ca\/fr\/wp-json\/wp\/v2\/pages"}],"about":[{"href":"https:\/\/paiehub.ca\/fr\/wp-json\/wp\/v2\/types\/page"}],"author":[{"embeddable":true,"href":"https:\/\/paiehub.ca\/fr\/wp-json\/wp\/v2\/users\/35"}],"replies":[{"embeddable":true,"href":"https:\/\/paiehub.ca\/fr\/wp-json\/wp\/v2\/comments?post=26767"}],"version-history":[{"count":8,"href":"https:\/\/paiehub.ca\/fr\/wp-json\/wp\/v2\/pages\/26767\/revisions"}],"predecessor-version":[{"id":31618,"href":"https:\/\/paiehub.ca\/fr\/wp-json\/wp\/v2\/pages\/26767\/revisions\/31618"}],"wp:attachment":[{"href":"https:\/\/paiehub.ca\/fr\/wp-json\/wp\/v2\/media?parent=26767"}],"wp:term":[{"taxonomy":"category","embeddable":true,"href":"https:\/\/paiehub.ca\/fr\/wp-json\/wp\/v2\/categories?post=26767"},{"taxonomy":"post_tag","embeddable":true,"href":"https:\/\/paiehub.ca\/fr\/wp-json\/wp\/v2\/tags?post=26767"}],"curies":[{"name":"wp","href":"https:\/\/api.w.org\/{rel}","templated":true}]}}