{"id":26750,"date":"2022-09-14T20:31:10","date_gmt":"2022-09-15T00:31:10","guid":{"rendered":"https:\/\/www.namtek.ca\/contact\/"},"modified":"2025-10-20T10:43:07","modified_gmt":"2025-10-20T14:43:07","slug":"contactez-nous","status":"publish","type":"page","link":"https:\/\/paiehub.ca\/fr\/contactez-nous\/","title":{"rendered":"Contactez-nous"},"content":{"rendered":"<div  class='av_gmaps_sc_main_wrap av_gmaps_main_wrap '><div id='av_gmap_0' class='avia-google-map-container avia-google-map-sc av_gmaps_show_unconditionally av-no-fallback-img ' data-mapid='av_gmap_0'  style='height: 400px;'><a class=\"av_gmaps_browser_disabled av_text_confirm_link av_text_confirm_link_visible\" href=\"https:\/\/www.google.com\/maps\/search\/?api=1&#038;query=272%20Henri-Bourassa%20Ouest%20%20H3L%201N6%20%20Montr\u00e9al%20Qu\u00e9bec%20Canada\" target=\"_blank\">Les cartes ont \u00e9t\u00e9 d\u00e9sactiv\u00e9es par le visiteur sur ce site. Cliquer pour ouvrir la carte dans une nouvelle fen\u00eatre.<\/a><\/div><\/div>\n<div id='av_section_1'  class='avia-section av-7pff023-6126e929ca25880df747c358cbf629c8 main_color avia-section-large avia-no-shadow  avia-builder-el-1  el_after_av_google_map  el_before_av_section  avia-bg-style-scroll container_wrap sidebar_right'  ><div class='container av-section-cont-open' ><div class='template-page content  av-content-small alpha units'><div class='post-entry post-entry-type-page post-entry-26750'><div class='entry-content-wrapper clearfix'>\n<section  class='av_textblock_section av-l821xu3k-2fe9585a1e8aab70adb3c2e42163f79f '   itemscope=\"itemscope\" itemtype=\"https:\/\/schema.org\/CreativeWork\" ><div class='avia_textblock'  itemprop=\"text\" ><h1 style=\"text-align: center;\">Paie Hub &#8211; Coordonn\u00e9es<\/h1>\n<\/div><\/section>\n\n<style type=\"text\/css\" data-created_by=\"avia_inline_auto\" id=\"style-css-av-mamk3zr7-025c7f5a46ddd5882228ee922f6ba268\">\n#top .hr.av-mamk3zr7-025c7f5a46ddd5882228ee922f6ba268{\nmargin-top:5px;\nmargin-bottom:5px;\n}\n.hr.av-mamk3zr7-025c7f5a46ddd5882228ee922f6ba268 .hr-inner{\nwidth:50px;\nborder-color:#0546b2;\n}\n<\/style>\n<div  class='hr av-mamk3zr7-025c7f5a46ddd5882228ee922f6ba268 hr-custom  avia-builder-el-3  el_after_av_textblock  el_before_av_one_fourth  hr-center hr-icon-no'><span class='hr-inner inner-border-av-border-fat'><span class=\"hr-inner-style\"><\/span><\/span><\/div>\n<div  class='flex_column av-72thay3-02c1a1e7d87cf8021f09911bb0ea8f0e av_one_fourth  avia-builder-el-4  el_after_av_hr  el_before_av_one_fourth  first flex_column_div  '     ><article  class='iconbox iconbox_top av-l821wgus-aa02db1134b847ff8a94fb5f66bf74b1  avia-builder-el-5  avia-builder-el-no-sibling  main_color'  itemscope=\"itemscope\" itemtype=\"https:\/\/schema.org\/CreativeWork\" ><div class=\"iconbox_content\"><header class=\"entry-content-header\" aria-label=\"Ic\u00f4ne : Adresse\"><div class='iconbox_icon heading-color avia-iconfont avia-font-entypo-fontello' data-av_icon='\ue842' data-av_iconfont='entypo-fontello'  ><\/div><h3 class='iconbox_content_title '  itemprop=\"headline\" >Adresse<\/h3><\/header><div class='iconbox_content_container '  itemprop=\"text\" ><p><span style=\"color: #333333;\"><a style=\"color: #333333;\" href=\"https:\/\/maps.app.goo.gl\/edtfhy8Vpqhppu4VA\" target=\"_blank\" rel=\"noopener\">272 Henri-Bourassa Ouest<\/a><\/span><\/p>\n<p>Montr\u00e9al (Qu\u00e9bec) H3L 1N6<br \/>\nCanada<\/p>\n<\/div><\/div><footer class=\"entry-footer\"><\/footer><\/article><\/div><div  class='flex_column av-6tgoe17-a238917b490130fa67b3920dc52165ce av_one_fourth  avia-builder-el-6  el_after_av_one_fourth  el_before_av_one_fourth  flex_column_div  '     ><article  class='iconbox iconbox_top av-6d9kg5n-6a71c9dfca68c0c514fd9e21a4089748  avia-builder-el-7  avia-builder-el-no-sibling  main_color'  itemscope=\"itemscope\" itemtype=\"https:\/\/schema.org\/CreativeWork\" ><div class=\"iconbox_content\"><header class=\"entry-content-header\" aria-label=\"Ic\u00f4ne : T\u00e9l\u00e9phone\"><div class='iconbox_icon heading-color avia-iconfont avia-font-entypo-fontello' data-av_icon='\ue854' data-av_iconfont='entypo-fontello'  ><\/div><h3 class='iconbox_content_title '  itemprop=\"headline\" >T\u00e9l\u00e9phone<\/h3><\/header><div class='iconbox_content_container '  itemprop=\"text\" ><p>+1 514 571-0913<\/p>\n<\/div><\/div><footer class=\"entry-footer\"><\/footer><\/article><\/div><div  class='flex_column av-5ww9ll7-cb7e34fb0d6f6f1ea23dcaa31eb49bbf av_one_fourth  avia-builder-el-8  el_after_av_one_fourth  el_before_av_one_fourth  flex_column_div  '     ><article  class='iconbox iconbox_top av-5cdn8i3-d34e472c2c07fbf3b0399539f56a36ef  avia-builder-el-9  avia-builder-el-no-sibling  main_color'  itemscope=\"itemscope\" itemtype=\"https:\/\/schema.org\/CreativeWork\" ><div class=\"iconbox_content\"><header class=\"entry-content-header\" aria-label=\"Ic\u00f4ne : Courriel\"><div class='iconbox_icon heading-color avia-iconfont avia-font-entypo-fontello' data-av_icon='\ue805' data-av_iconfont='entypo-fontello'  ><\/div><h3 class='iconbox_content_title '  itemprop=\"headline\" >Courriel<\/h3><\/header><div class='iconbox_content_container '  itemprop=\"text\" ><p>doris@paiehub.ca<\/p>\n<\/div><\/div><footer class=\"entry-footer\"><\/footer><\/article><\/div><div  class='flex_column av-4oxpai3-b1dd5970806cabd8e49f49ef10738c6a av_one_fourth  avia-builder-el-10  el_after_av_one_fourth  avia-builder-el-last  flex_column_div  '     ><article  class='iconbox iconbox_top av-4fgdhe3-0570f1056fa2f2ff394a059ec2cdae46  avia-builder-el-11  avia-builder-el-no-sibling  main_color'  itemscope=\"itemscope\" itemtype=\"https:\/\/schema.org\/CreativeWork\" ><div class=\"iconbox_content\"><header class=\"entry-content-header\" aria-label=\"Ic\u00f4ne : Heures d\u2019ouverture\"><div class='iconbox_icon heading-color avia-iconfont avia-font-entypo-fontello' data-av_icon='\ue862' data-av_iconfont='entypo-fontello'  ><\/div><h3 class='iconbox_content_title '  itemprop=\"headline\" >Heures d\u2019ouverture<\/h3><\/header><div class='iconbox_content_container '  itemprop=\"text\" ><p>Ouvert du lundi au vendredi de 9h00 \u00e0 17h00 HNE<\/p>\n<\/div><\/div><footer class=\"entry-footer\"><\/footer><\/article><\/div><\/div><\/div><\/div><!-- close content main div --><\/div><\/div><div id='av_section_2'  class='avia-section av-mabdvt0b-f32c7ec570deaceaf1ba60209e73b130 alternate_color avia-section-default avia-shadow  avia-builder-el-12  el_after_av_section  avia-builder-el-last  avia-bg-style-scroll container_wrap sidebar_right'  ><div class='container av-section-cont-open' ><div class='template-page content  av-content-small alpha units'><div class='post-entry post-entry-type-page post-entry-26750'><div class='entry-content-wrapper clearfix'>\n<div  class='flex_column av-4k6ngej-7b59c75a80ae2c0a15376244d85877bd av_one_half  avia-builder-el-13  el_before_av_one_half  avia-builder-el-first  first flex_column_div  '     ><section  class='av_textblock_section av-l83hnmlb-23ee9ab562a79742053162697f25dd71 '   itemscope=\"itemscope\" itemtype=\"https:\/\/schema.org\/CreativeWork\" ><div class='avia_textblock'  itemprop=\"text\" ><h2 style=\"text-align: left;\">Des questions? Contactez-nous pour d\u00e9couvrir comment nous pouvons vous aider.<\/h2>\n<p>Chez <a href=\"https:\/\/paiehub.ca\/fr\/\" target=\"_blank\" rel=\"noopener\"><strong>Paie Hub<\/strong><\/a>, nous sommes l\u00e0 pour vous simplifier la vie.<br \/>\nMerci de nous fournir quelques informations afin que nous puissions acheminer votre demande vers la bonne personne et vous r\u00e9pondre rapidement.<\/p>\n<\/div><\/section><br \/>\n\n<style type=\"text\/css\" data-created_by=\"avia_inline_auto\" id=\"style-css-av-qzq526-b78465685f51f10fa1ae4114a94e75e8\">\n#top .hr.av-qzq526-b78465685f51f10fa1ae4114a94e75e8{\nmargin-top:5px;\nmargin-bottom:5px;\n}\n.hr.av-qzq526-b78465685f51f10fa1ae4114a94e75e8 .hr-inner{\nwidth:50px;\nborder-color:#0546b2;\n}\n<\/style>\n<div  class='hr av-qzq526-b78465685f51f10fa1ae4114a94e75e8 hr-custom  avia-builder-el-15  el_after_av_textblock  el_before_av_textblock  hr-left hr-icon-no'><span class='hr-inner inner-border-av-border-fat'><span class=\"hr-inner-style\"><\/span><\/span><\/div><br \/>\n\n<style type=\"text\/css\" data-created_by=\"avia_inline_auto\" id=\"style-css-av-mabdtzxw-41cc7669e05c9c77aebd08d62bfb2882\">\n#top .av_textblock_section.av-mabdtzxw-41cc7669e05c9c77aebd08d62bfb2882 .avia_textblock{\nfont-size:30px;\n}\n<\/style>\n<section  class='av_textblock_section av-mabdtzxw-41cc7669e05c9c77aebd08d62bfb2882 '   itemscope=\"itemscope\" itemtype=\"https:\/\/schema.org\/CreativeWork\" ><div class='avia_textblock'  itemprop=\"text\" ><p style=\"text-align: left;\"><strong>Modernisez votre paie, <\/strong><strong>boostez votre performance!<\/strong><\/p>\n<\/div><\/section><\/p><\/div><div  class='flex_column av-qt21nv-21dc3505853f36a4f376dc6cc95c3bf9 av_one_half  avia-builder-el-17  el_after_av_one_half  avia-builder-el-last  flex_column_div  '     ><form action=\"https:\/\/paiehub.ca\/fr\/contactez-nous\/\" method=\"post\" data-fields-with-error=\"Erreurs trouv\u00e9es dans les champs suivants :\" class=\"avia_ajax_form av-form-labels-visible   avia-builder-el-18  avia-builder-el-no-sibling  av-show-form-errors   \" data-avia-form-id=\"1\" data-avia-redirect='' ><h3 class=''>ENVOYEZ-NOUS UN MESSAGE<\/h3><fieldset><p class='  first_form  form_element form_fullwidth' id='element_avia_1_1'><label for=\"avia_1_1\">Nom complet <abbr class=\"required\" title=\"requis(e)\">*<\/abbr><\/label> <input name=\"avia_1_1\" class=\"text_input is_empty\" type=\"text\" id=\"avia_1_1\" value=\"\" \/><\/p><p class='  first_form  form_element form_fullwidth' id='element_avia_2_1'><label for=\"avia_2_1\">Courriel <abbr class=\"required\" title=\"requis(e)\">*<\/abbr><\/label> <input name=\"avia_2_1\" class=\"text_input is_email\" type=\"text\" id=\"avia_2_1\" value=\"\" \/><\/p><p class='  first_form  form_element form_fullwidth' id='element_avia_3_1'><label for=\"avia_3_1\">Nom de l\u2019entreprise <abbr class=\"required\" title=\"requis(e)\">*<\/abbr><\/label> <input name=\"avia_3_1\" class=\"text_input is_empty\" type=\"text\" id=\"avia_3_1\" value=\"\" \/><\/p><p class='  first_form  form_element form_fullwidth' id='element_avia_4_1'><label for=\"avia_4_1\">Num\u00e9ro de t\u00e9l\u00e9phone <abbr class=\"required\" title=\"requis(e)\">*<\/abbr><\/label> <input name=\"avia_4_1\" class=\"text_input is_phone\" type=\"text\" id=\"avia_4_1\" value=\"\" \/><\/p><p class='  first_form  form_element form_fullwidth' id='element_avia_5_1'><label for=\"avia_5_1\" class=\"textare_label hidden textare_label_avia_5_1\">Message <abbr class=\"required\" title=\"requis(e)\">*<\/abbr><\/label><textarea  name=\"avia_5_1\" class=\"text_area is_empty\" cols=\"40\" rows=\"7\" id=\"avia_5_1\" ><\/textarea><\/p><p class='  first_form  form_element form_fullwidth' id='element_avia_6_1'><input  name=\"avia_6_1\" class=\"input_checkbox is_empty\" type=\"checkbox\" id=\"avia_6_1\" value=\"true\"\/><label class=\"input_checkbox_label\" for=\"avia_6_1\">J\u2019accepte de recevoir les nouvelles, conseils et offres de Paie Hub par courriel. <abbr class=\"required\" title=\"requis(e)\">*<\/abbr><\/label><\/p><p class=\"hidden\"><input type=\"text\" name=\"avia_7_1\" class=\"hidden \" id=\"avia_7_1\" value=\"\" \/><\/p><p class='   form_element form_fullwidth' id='element_avia_8_1'><span class='value_verifier_label'>2 + 6 = ?<\/span><input name=\"avia_8_1_verifier\" type=\"hidden\" id=\"avia_8_1_verifier\" value=\"781325148\"\/><label for=\"avia_8_1\">Merci de prouver que vous \u00eates un humain en donnant le r\u00e9sultat de cette op\u00e9ration <abbr class=\"required\" title=\"requis(e)\">*<\/abbr><\/label><input name=\"avia_8_1\" class=\"text_input captcha\" type=\"text\" id=\"avia_8_1\" value=\"\"\/><\/p><p class=\"form_element \"><input type=\"hidden\" value=\"1\" name=\"avia_generated_form1\" \/><input type=\"submit\" value=\"Soumettre\" class=\"button\"  data-sending-label=\"Envoi\"\/><\/p><\/fieldset><\/form><div id=\"ajaxresponse_1\" class=\"ajaxresponse ajaxresponse_1 hidden\"><\/div><\/div>\n<\/div><\/div><\/div><!-- close content main div --><\/div><\/div><div id='after_section_2'  class='main_color av_default_container_wrap container_wrap sidebar_right'  ><div class='container av-section-cont-open' ><div class='template-page content  av-content-small alpha units'><div class='post-entry post-entry-type-page post-entry-26750'><div class='entry-content-wrapper clearfix'><\/p>\n","protected":false},"excerpt":{"rendered":"","protected":false},"author":35,"featured_media":0,"parent":0,"menu_order":16,"comment_status":"closed","ping_status":"closed","template":"","meta":{"om_disable_all_campaigns":false,"_lmt_disableupdate":"no","_lmt_disable":"","_monsterinsights_skip_tracking":false,"_monsterinsights_sitenote_active":false,"_monsterinsights_sitenote_note":"","_monsterinsights_sitenote_category":0,"footnotes":"","_links_to":"","_links_to_target":""},"categories":[],"tags":[3211,3208,3209,3210,3202,3212],"class_list":["post-26750","page","type-page","status-publish","hentry","tag-contact-entreprise","tag-contactez-lequipe-de-paie-hub","tag-contactez-nous","tag-demande-dinformation","tag-paie-hub","tag-support-client"],"aioseo_notices":[],"aioseo_head":"\n\t\t<!-- All in One SEO Pro 4.9.5.2 - aioseo.com -->\n\t<meta name=\"description\" content=\"Contactez l\u2019\u00e9quipe de Paie Hub pour en savoir plus sur notre solution de paie moderne, conforme aux normes canadiennes, con\u00e7ue pour les PME.\" \/>\n\t<meta name=\"robots\" content=\"max-image-preview:large\" \/>\n\t<meta name=\"keywords\" content=\"informations de contact namtek consulting services\" \/>\n\t<link rel=\"canonical\" href=\"https:\/\/paiehub.ca\/fr\/contactez-nous\/\" \/>\n\t<meta name=\"generator\" content=\"All in One SEO Pro (AIOSEO) 4.9.5.2\" \/>\n\t\t<meta property=\"og:locale\" content=\"fr_FR\" \/>\n\t\t<meta property=\"og:site_name\" content=\"Paie Hub - Solution de paie pour PME canadiennes\" \/>\n\t\t<meta property=\"og:type\" content=\"article\" \/>\n\t\t<meta property=\"og:title\" content=\"Contactez-nous - Paie Hub | Simplifiez la gestion de la paie\" \/>\n\t\t<meta property=\"og:description\" content=\"Contactez l\u2019\u00e9quipe de Paie Hub pour en savoir plus sur notre solution de paie moderne, conforme aux normes canadiennes, con\u00e7ue pour les PME.\" \/>\n\t\t<meta property=\"og:url\" content=\"https:\/\/paiehub.ca\/fr\/contactez-nous\/\" \/>\n\t\t<meta property=\"og:image\" content=\"https:\/\/paiehub.ca\/wp-content\/uploads\/2025\/05\/PaieHub.jpg\" \/>\n\t\t<meta property=\"og:image:secure_url\" content=\"https:\/\/paiehub.ca\/wp-content\/uploads\/2025\/05\/PaieHub.jpg\" \/>\n\t\t<meta property=\"og:image:width\" content=\"1200\" \/>\n\t\t<meta property=\"og:image:height\" content=\"628\" \/>\n\t\t<meta property=\"article:published_time\" content=\"2022-09-15T00:31:10+00:00\" \/>\n\t\t<meta property=\"article:modified_time\" content=\"2025-10-20T14:43:07+00:00\" \/>\n\t\t<meta name=\"twitter:card\" content=\"summary\" \/>\n\t\t<meta name=\"twitter:title\" content=\"Contactez-nous - Paie Hub | Simplifiez la gestion de la paie\" \/>\n\t\t<meta name=\"twitter:description\" content=\"Contactez l\u2019\u00e9quipe de Paie Hub pour en savoir plus sur notre solution de paie moderne, conforme aux normes canadiennes, con\u00e7ue pour les PME.\" \/>\n\t\t<meta name=\"twitter:image\" content=\"https:\/\/paiehub.ca\/wp-content\/uploads\/2025\/05\/PaieHub.jpg\" \/>\n\t\t<script type=\"application\/ld+json\" class=\"aioseo-schema\">\n\t\t\t{\"@context\":\"https:\\\/\\\/schema.org\",\"@graph\":[{\"@type\":\"BreadcrumbList\",\"@id\":\"https:\\\/\\\/paiehub.ca\\\/fr\\\/contactez-nous\\\/#breadcrumblist\",\"itemListElement\":[{\"@type\":\"ListItem\",\"@id\":\"https:\\\/\\\/paiehub.ca\\\/fr\\\/#listItem\",\"position\":1,\"name\":\"Home\",\"item\":\"https:\\\/\\\/paiehub.ca\\\/fr\\\/\",\"nextItem\":{\"@type\":\"ListItem\",\"@id\":\"https:\\\/\\\/paiehub.ca\\\/fr\\\/contactez-nous\\\/#listItem\",\"name\":\"Contactez-nous\"}},{\"@type\":\"ListItem\",\"@id\":\"https:\\\/\\\/paiehub.ca\\\/fr\\\/contactez-nous\\\/#listItem\",\"position\":2,\"name\":\"Contactez-nous\",\"previousItem\":{\"@type\":\"ListItem\",\"@id\":\"https:\\\/\\\/paiehub.ca\\\/fr\\\/#listItem\",\"name\":\"Home\"}}]},{\"@type\":\"Organization\",\"@id\":\"https:\\\/\\\/paiehub.ca\\\/fr\\\/#organization\",\"name\":\"Paie Hub\",\"description\":\"Efficient Payroll Solution for Canadian SMBs\",\"url\":\"https:\\\/\\\/paiehub.ca\\\/fr\\\/\",\"telephone\":\"+15145710913\",\"logo\":{\"@type\":\"ImageObject\",\"url\":\"https:\\\/\\\/paiehub.ca\\\/wp-content\\\/uploads\\\/2025\\\/05\\\/Paiehub-logo.webp\",\"@id\":\"https:\\\/\\\/paiehub.ca\\\/fr\\\/contactez-nous\\\/#organizationLogo\",\"width\":1640,\"height\":856,\"caption\":\"Paie Hub logo de l'entreprise\"},\"image\":{\"@id\":\"https:\\\/\\\/paiehub.ca\\\/fr\\\/contactez-nous\\\/#organizationLogo\"},\"address\":{\"@id\":\"https:\\\/\\\/paiehub.ca\\\/fr\\\/#postaladdress\",\"@type\":\"PostalAddress\",\"streetAddress\":\"272 Henri-Bourassa West Montreal,\",\"postalCode\":\"H3L 1N6\",\"addressLocality\":\"Montreal\",\"addressRegion\":\"Quebec\",\"addressCountry\":\"CA\"}},{\"@type\":\"WebPage\",\"@id\":\"https:\\\/\\\/paiehub.ca\\\/fr\\\/contactez-nous\\\/#webpage\",\"url\":\"https:\\\/\\\/paiehub.ca\\\/fr\\\/contactez-nous\\\/\",\"name\":\"Contactez-nous - Paie Hub | Simplifiez la gestion de la paie\",\"description\":\"Contactez l\\u2019\\u00e9quipe de Paie Hub pour en savoir plus sur notre solution de paie moderne, conforme aux normes canadiennes, con\\u00e7ue pour les PME.\",\"inLanguage\":\"fr-FR\",\"isPartOf\":{\"@id\":\"https:\\\/\\\/paiehub.ca\\\/fr\\\/#website\"},\"breadcrumb\":{\"@id\":\"https:\\\/\\\/paiehub.ca\\\/fr\\\/contactez-nous\\\/#breadcrumblist\"},\"datePublished\":\"2022-09-14T20:31:10-04:00\",\"dateModified\":\"2025-10-20T10:43:07-04:00\"},{\"@type\":\"WebSite\",\"@id\":\"https:\\\/\\\/paiehub.ca\\\/fr\\\/#website\",\"url\":\"https:\\\/\\\/paiehub.ca\\\/fr\\\/\",\"name\":\"Paie Hub\",\"alternateName\":\"Solution de paie pour PME canadiennes\",\"description\":\"Solution de paie pour PME canadiennes\",\"inLanguage\":\"fr-FR\",\"publisher\":{\"@id\":\"https:\\\/\\\/paiehub.ca\\\/fr\\\/#organization\"}}]}\n\t\t<\/script>\n\t\t<!-- All in One SEO Pro -->\r\n\t\t<title>Contactez-nous - Paie Hub | Simplifiez la gestion de la paie<\/title>\n\n","aioseo_head_json":{"title":"Contactez-nous - Paie Hub | Simplifiez la gestion de la paie","description":"Contactez l\u2019\u00e9quipe de Paie Hub pour en savoir plus sur notre solution de paie moderne, conforme aux normes canadiennes, con\u00e7ue pour les PME.","canonical_url":"https:\/\/paiehub.ca\/fr\/contactez-nous\/","robots":"max-image-preview:large","keywords":"informations de contact namtek consulting services","webmasterTools":{"miscellaneous":""},"schema":{"@context":"https:\/\/schema.org","@graph":[{"@type":"BreadcrumbList","@id":"https:\/\/paiehub.ca\/fr\/contactez-nous\/#breadcrumblist","itemListElement":[{"@type":"ListItem","@id":"https:\/\/paiehub.ca\/fr\/#listItem","position":1,"name":"Home","item":"https:\/\/paiehub.ca\/fr\/","nextItem":{"@type":"ListItem","@id":"https:\/\/paiehub.ca\/fr\/contactez-nous\/#listItem","name":"Contactez-nous"}},{"@type":"ListItem","@id":"https:\/\/paiehub.ca\/fr\/contactez-nous\/#listItem","position":2,"name":"Contactez-nous","previousItem":{"@type":"ListItem","@id":"https:\/\/paiehub.ca\/fr\/#listItem","name":"Home"}}]},{"@type":"Organization","@id":"https:\/\/paiehub.ca\/fr\/#organization","name":"Paie Hub","description":"Efficient Payroll Solution for Canadian SMBs","url":"https:\/\/paiehub.ca\/fr\/","telephone":"+15145710913","logo":{"@type":"ImageObject","url":"https:\/\/paiehub.ca\/wp-content\/uploads\/2025\/05\/Paiehub-logo.webp","@id":"https:\/\/paiehub.ca\/fr\/contactez-nous\/#organizationLogo","width":1640,"height":856,"caption":"Paie Hub logo de l'entreprise"},"image":{"@id":"https:\/\/paiehub.ca\/fr\/contactez-nous\/#organizationLogo"},"address":{"@id":"https:\/\/paiehub.ca\/fr\/#postaladdress","@type":"PostalAddress","streetAddress":"272 Henri-Bourassa West Montreal,","postalCode":"H3L 1N6","addressLocality":"Montreal","addressRegion":"Quebec","addressCountry":"CA"}},{"@type":"WebPage","@id":"https:\/\/paiehub.ca\/fr\/contactez-nous\/#webpage","url":"https:\/\/paiehub.ca\/fr\/contactez-nous\/","name":"Contactez-nous - Paie Hub | Simplifiez la gestion de la paie","description":"Contactez l\u2019\u00e9quipe de Paie Hub pour en savoir plus sur notre solution de paie moderne, conforme aux normes canadiennes, con\u00e7ue pour les PME.","inLanguage":"fr-FR","isPartOf":{"@id":"https:\/\/paiehub.ca\/fr\/#website"},"breadcrumb":{"@id":"https:\/\/paiehub.ca\/fr\/contactez-nous\/#breadcrumblist"},"datePublished":"2022-09-14T20:31:10-04:00","dateModified":"2025-10-20T10:43:07-04:00"},{"@type":"WebSite","@id":"https:\/\/paiehub.ca\/fr\/#website","url":"https:\/\/paiehub.ca\/fr\/","name":"Paie Hub","alternateName":"Solution de paie pour PME canadiennes","description":"Solution de paie pour PME canadiennes","inLanguage":"fr-FR","publisher":{"@id":"https:\/\/paiehub.ca\/fr\/#organization"}}]},"og:locale":"fr_FR","og:site_name":"Paie Hub - Solution de paie pour PME canadiennes","og:type":"article","og:title":"Contactez-nous - Paie Hub | Simplifiez la gestion de la paie","og:description":"Contactez l\u2019\u00e9quipe de Paie Hub pour en savoir plus sur notre solution de paie moderne, conforme aux normes canadiennes, con\u00e7ue pour les PME.","og:url":"https:\/\/paiehub.ca\/fr\/contactez-nous\/","og:image":"https:\/\/paiehub.ca\/wp-content\/uploads\/2025\/05\/PaieHub.jpg","og:image:secure_url":"https:\/\/paiehub.ca\/wp-content\/uploads\/2025\/05\/PaieHub.jpg","og:image:width":1200,"og:image:height":628,"article:published_time":"2022-09-15T00:31:10+00:00","article:modified_time":"2025-10-20T14:43:07+00:00","twitter:card":"summary","twitter:title":"Contactez-nous - Paie Hub | Simplifiez la gestion de la paie","twitter:description":"Contactez l\u2019\u00e9quipe de Paie Hub pour en savoir plus sur notre solution de paie moderne, conforme aux normes canadiennes, con\u00e7ue pour les PME.","twitter:image":"https:\/\/paiehub.ca\/wp-content\/uploads\/2025\/05\/PaieHub.jpg"},"aioseo_meta_data":{"post_id":"26750","title":"Contactez-nous - Paie Hub | Simplifiez la gestion de la paie","description":"Contactez l\u2019\u00e9quipe de Paie Hub pour en savoir plus sur notre solution de paie moderne, conforme aux normes canadiennes, con\u00e7ue pour les PME.","keywords":[{"label":"Informations de contact Namtek Consulting Services","value":"Informations de contact Namtek Consulting Services"}],"keyphrases":{"focus":{"keyphrase":"Paie Hub","score":68,"analysis":{"keyphraseInTitle":{"score":9,"maxScore":9,"error":0},"keyphraseInDescription":{"score":9,"maxScore":9,"error":0},"keyphraseLength":{"score":9,"maxScore":9,"error":0,"length":2},"keyphraseInURL":{"score":1,"maxScore":5,"error":1},"keyphraseInIntroduction":{"score":9,"maxScore":9,"error":0},"keyphraseInSubHeadings":{"score":3,"maxScore":9,"error":1},"keyphraseInImageAlt":[],"keywordDensity":{"score":0,"type":"low","maxScore":9,"error":1}}},"additional":[]},"primary_term":null,"canonical_url":null,"og_title":null,"og_description":null,"og_object_type":"default","og_image_type":"default","og_image_url":null,"og_image_width":null,"og_image_height":null,"og_image_custom_url":null,"og_image_custom_fields":null,"og_video":"","og_custom_url":null,"og_article_section":null,"og_article_tags":null,"twitter_use_og":false,"twitter_card":"default","twitter_image_type":"default","twitter_image_url":null,"twitter_image_custom_url":null,"twitter_image_custom_fields":null,"twitter_title":null,"twitter_description":null,"schema":{"blockGraphs":[],"customGraphs":[],"default":{"data":{"Article":[],"Course":[],"Dataset":[],"FAQPage":[],"Movie":[],"Person":[],"Product":[],"ProductReview":[],"Car":[],"Recipe":[],"Service":[],"SoftwareApplication":[],"WebPage":{"id":"aioseo-web-page-6358659e198d2","slug":"web-page","graphName":"WebPage","label":"Web Page","properties":{"type":"WebPage","name":"","description":""}}},"graphName":"WebPage","isEnabled":true},"graphs":[]},"schema_type":"default","schema_type_options":"{\"article\":{\"articleType\":\"BlogPosting\"},\"course\":{\"name\":\"\",\"description\":\"\",\"provider\":\"\"},\"faq\":{\"pages\":[]},\"product\":{\"reviews\":[]},\"recipe\":{\"ingredients\":[],\"instructions\":[],\"keywords\":[]},\"software\":{\"reviews\":[],\"operatingSystems\":[]},\"webPage\":{\"webPageType\":\"WebPage\"},\"blockGraphs\":[]}","pillar_content":false,"robots_default":true,"robots_noindex":false,"robots_noarchive":false,"robots_nosnippet":false,"robots_nofollow":false,"robots_noimageindex":false,"robots_noodp":false,"robots_notranslate":false,"robots_max_snippet":"-1","robots_max_videopreview":"-1","robots_max_imagepreview":"large","priority":null,"frequency":"default","local_seo":null,"seo_analyzer_scan_date":null,"breadcrumb_settings":null,"limit_modified_date":0,"reviewed_by":"0","open_ai":"{\"title\":{\"suggestions\":[],\"usage\":0},\"description\":{\"suggestions\":[],\"usage\":0}}","ai":{"faqs":[],"keyPoints":[],"titles":[],"descriptions":[],"socialPosts":{"email":[],"linkedin":[],"twitter":[],"facebook":[],"instagram":[]}},"created":"2022-11-18 20:07:36","updated":"2025-10-20 14:43:07"},"aioseo_breadcrumb":"<div class=\"aioseo-breadcrumbs\"><span class=\"aioseo-breadcrumb\">\n\t<a href=\"https:\/\/paiehub.ca\/fr\/\" title=\"Home\">Home<\/a>\n<\/span><span class=\"aioseo-breadcrumb-separator\">&raquo;<\/span><span class=\"aioseo-breadcrumb\">\n\tContactez-nous\n<\/span><\/div>","aioseo_breadcrumb_json":[{"label":"Home","link":"https:\/\/paiehub.ca\/fr\/"},{"label":"Contactez-nous","link":"https:\/\/paiehub.ca\/fr\/contactez-nous\/"}],"_links":{"self":[{"href":"https:\/\/paiehub.ca\/fr\/wp-json\/wp\/v2\/pages\/26750","targetHints":{"allow":["GET"]}}],"collection":[{"href":"https:\/\/paiehub.ca\/fr\/wp-json\/wp\/v2\/pages"}],"about":[{"href":"https:\/\/paiehub.ca\/fr\/wp-json\/wp\/v2\/types\/page"}],"author":[{"embeddable":true,"href":"https:\/\/paiehub.ca\/fr\/wp-json\/wp\/v2\/users\/35"}],"replies":[{"embeddable":true,"href":"https:\/\/paiehub.ca\/fr\/wp-json\/wp\/v2\/comments?post=26750"}],"version-history":[{"count":30,"href":"https:\/\/paiehub.ca\/fr\/wp-json\/wp\/v2\/pages\/26750\/revisions"}],"predecessor-version":[{"id":31781,"href":"https:\/\/paiehub.ca\/fr\/wp-json\/wp\/v2\/pages\/26750\/revisions\/31781"}],"wp:attachment":[{"href":"https:\/\/paiehub.ca\/fr\/wp-json\/wp\/v2\/media?parent=26750"}],"wp:term":[{"taxonomy":"category","embeddable":true,"href":"https:\/\/paiehub.ca\/fr\/wp-json\/wp\/v2\/categories?post=26750"},{"taxonomy":"post_tag","embeddable":true,"href":"https:\/\/paiehub.ca\/fr\/wp-json\/wp\/v2\/tags?post=26750"}],"curies":[{"name":"wp","href":"https:\/\/api.w.org\/{rel}","templated":true}]}}